{"id":2759,"date":"2025-04-07T14:19:28","date_gmt":"2025-04-07T12:19:28","guid":{"rendered":"https:\/\/98307-modenadistrict.tempwebsite.it\/rooms\/suite\/"},"modified":"2026-03-03T10:44:34","modified_gmt":"2026-03-03T09:44:34","slug":"suite","status":"publish","type":"page","link":"https:\/\/www.modenadistrict.it\/en\/rooms\/suite\/","title":{"rendered":"Suite"},"content":{"rendered":"\t\t<div data-elementor-type=\"wp-page\" data-elementor-id=\"2759\" class=\"elementor elementor-2759 elementor-1877\" data-elementor-post-type=\"page\">\n\t\t\t\t<div class=\"elementor-element elementor-element-55cb837 e-con-full e-flex e-con e-parent\" data-id=\"55cb837\" data-element_type=\"container\" data-e-type=\"container\" data-settings=\"{&quot;background_background&quot;:&quot;classic&quot;}\">\n\t\t\t\t<\/div>\n\t\t<div class=\"elementor-element elementor-element-009c4e2 e-flex e-con-boxed e-con e-parent\" data-id=\"009c4e2\" data-element_type=\"container\" data-e-type=\"container\">\n\t\t\t\t\t<div class=\"e-con-inner\">\n\t\t\t\t<div class=\"elementor-element elementor-element-8945d5e elementor-widget elementor-widget-heading\" data-id=\"8945d5e\" data-element_type=\"widget\" data-e-type=\"widget\" data-widget_type=\"heading.default\">\n\t\t\t\t<div class=\"elementor-widget-container\">\n\t\t\t\t\t<h1 class=\"elementor-heading-title elementor-size-default\">Suite<\/h1>\t\t\t\t<\/div>\n\t\t\t\t<\/div>\n\t\t\t\t<div class=\"elementor-element elementor-element-5a099fa elementor-widget elementor-widget-heading\" data-id=\"5a099fa\" data-element_type=\"widget\" data-e-type=\"widget\" data-widget_type=\"heading.default\">\n\t\t\t\t<div class=\"elementor-widget-container\">\n\t\t\t\t\t<span class=\"elementor-heading-title elementor-size-default\">main building <\/span>\t\t\t\t<\/div>\n\t\t\t\t<\/div>\n\t\t\t\t<div class=\"elementor-element elementor-element-60a5f56 elementor-widget-divider--view-line elementor-widget elementor-widget-divider\" data-id=\"60a5f56\" data-element_type=\"widget\" data-e-type=\"widget\" data-widget_type=\"divider.default\">\n\t\t\t\t<div class=\"elementor-widget-container\">\n\t\t\t\t\t\t\t<div class=\"elementor-divider\">\n\t\t\t<span class=\"elementor-divider-separator\">\n\t\t\t\t\t\t<\/span>\n\t\t<\/div>\n\t\t\t\t\t\t<\/div>\n\t\t\t\t<\/div>\n\t\t\t\t\t<\/div>\n\t\t\t\t<\/div>\n\t\t<div class=\"elementor-element elementor-element-7b5bebe e-flex e-con-boxed e-con e-parent\" data-id=\"7b5bebe\" data-element_type=\"container\" data-e-type=\"container\">\n\t\t\t\t\t<div class=\"e-con-inner\">\n\t\t\t\t<div class=\"elementor-element elementor-element-22780cb elementor-widget elementor-widget-text-editor\" data-id=\"22780cb\" data-element_type=\"widget\" data-e-type=\"widget\" data-widget_type=\"text-editor.default\">\n\t\t\t\t<div class=\"elementor-widget-container\">\n\t\t\t\t\t\t\t\t\t<p><strong>48 square metres<\/strong> of absolute elegance and modernity, divided into a living area with <strong>a French sofa bed, 42&#8243; LCD TV, desk and kitchenette<\/strong> (set up on request in advance, at an additional cost).<\/p><p>Next is the sleeping area, where we find a <strong>queen-size bed, desk and 42&#8243; LCD TV.<\/strong><\/p><p>The elegant bathroom features a splendid <strong>walk-in shower<\/strong> and a <strong>special courtesy set <\/strong>of refined quality, useful and complete.<\/p><p>A small cot can be added for younger guests at an additional cost of \u20ac15.00 per night.<\/p>\t\t\t\t\t\t\t\t<\/div>\n\t\t\t\t<\/div>\n\t\t\t\t\t<\/div>\n\t\t\t\t<\/div>\n\t\t<div class=\"elementor-element elementor-element-a253ec4 e-flex e-con-boxed e-con e-parent\" data-id=\"a253ec4\" data-element_type=\"container\" data-e-type=\"container\">\n\t\t\t\t\t<div class=\"e-con-inner\">\n\t\t<div class=\"elementor-element elementor-element-090f406 e-con-full e-flex e-con e-child\" data-id=\"090f406\" data-element_type=\"container\" data-e-type=\"container\">\n\t\t\t\t<div class=\"elementor-element elementor-element-fcf2e33 elementor-skin-carousel elementor-arrows-yes elementor-pagination-type-bullets elementor-pagination-position-outside elementor-widget elementor-widget-media-carousel\" data-id=\"fcf2e33\" data-element_type=\"widget\" data-e-type=\"widget\" data-settings=\"{&quot;skin&quot;:&quot;carousel&quot;,&quot;effect&quot;:&quot;slide&quot;,&quot;show_arrows&quot;:&quot;yes&quot;,&quot;pagination&quot;:&quot;bullets&quot;,&quot;speed&quot;:500,&quot;autoplay&quot;:&quot;yes&quot;,&quot;autoplay_speed&quot;:5000,&quot;loop&quot;:&quot;yes&quot;,&quot;pause_on_hover&quot;:&quot;yes&quot;,&quot;pause_on_interaction&quot;:&quot;yes&quot;,&quot;space_between&quot;:{&quot;unit&quot;:&quot;px&quot;,&quot;size&quot;:10,&quot;sizes&quot;:[]},&quot;space_between_tablet&quot;:{&quot;unit&quot;:&quot;px&quot;,&quot;size&quot;:10,&quot;sizes&quot;:[]},&quot;space_between_mobile&quot;:{&quot;unit&quot;:&quot;px&quot;,&quot;size&quot;:10,&quot;sizes&quot;:[]}}\" data-widget_type=\"media-carousel.default\">\n\t\t\t\t<div class=\"elementor-widget-container\">\n\t\t\t\t\t\t\t\t\t<div class=\"elementor-swiper\">\n\t\t\t\t\t<div class=\"elementor-main-swiper swiper\" role=\"region\" aria-roledescription=\"carousel\" aria-label=\"Slides\">\n\t\t\t\t<div class=\"swiper-wrapper\">\n\t\t\t\t\t\t\t\t\t\t\t<div class=\"swiper-slide\" role=\"group\" aria-roledescription=\"slide\">\n\t\t\t\t\t\t\t\t\t<div class=\"elementor-carousel-image\" role=\"img\" aria-label=\"Pictured is a suite with a double bed. On the side is a large closet with a desk and in front of the bed a television.\" style=\"background-image: url(&#039;https:\/\/www.modenadistrict.it\/wp-content\/uploads\/sites\/155\/2025\/04\/SUITE-CAMERA.webp&#039;)\">\n\n\t\t\t\n\t\t\t\t\t<\/div>\n\t\t\t\t\t\t\t\t<\/div>\n\t\t\t\t\t\t\t\t\t\t\t<div class=\"swiper-slide\" role=\"group\" aria-roledescription=\"slide\">\n\t\t\t\t\t\t\t\t\t<div class=\"elementor-carousel-image\" role=\"img\" aria-label=\"Pictured is the living room with a sofa, a round table with two chairs, and on the wall a television.\" style=\"background-image: url(&#039;https:\/\/www.modenadistrict.it\/wp-content\/uploads\/sites\/155\/2025\/04\/SUITE-SOGGIORNO-2.webp&#039;)\">\n\n\t\t\t\n\t\t\t\t\t<\/div>\n\t\t\t\t\t\t\t\t<\/div>\n\t\t\t\t\t\t\t\t\t\t\t<div class=\"swiper-slide\" role=\"group\" aria-roledescription=\"slide\">\n\t\t\t\t\t\t\t\t\t<div class=\"elementor-carousel-image\" role=\"img\" aria-label=\"Pictured is the living room with a sofa, a round table with two chairs, and on the wall a television. The bedroom can be glimpsed from the door.\" style=\"background-image: url(&#039;https:\/\/www.modenadistrict.it\/wp-content\/uploads\/sites\/155\/2025\/04\/SUITE-SOGGIORNO.webp&#039;)\">\n\n\t\t\t\n\t\t\t\t\t<\/div>\n\t\t\t\t\t\t\t\t<\/div>\n\t\t\t\t\t\t\t\t\t\t\t<div class=\"swiper-slide\" role=\"group\" aria-roledescription=\"slide\">\n\t\t\t\t\t\t\t\t\t<div class=\"elementor-carousel-image\" role=\"img\" aria-label=\"Pictured is the bathroom with a shower stall\" style=\"background-image: url(&#039;https:\/\/www.modenadistrict.it\/wp-content\/uploads\/sites\/155\/2025\/04\/BAGNO-SUITE-CORPO-CENTRALE.webp&#039;)\">\n\n\t\t\t\n\t\t\t\t\t<\/div>\n\t\t\t\t\t\t\t\t<\/div>\n\t\t\t\t\t\t\t\t\t\t\t<div class=\"swiper-slide\" role=\"group\" aria-roledescription=\"slide\">\n\t\t\t\t\t\t\t\t\t<div class=\"elementor-carousel-image\" role=\"img\" aria-label=\"Pictured is the bathroom with a shower stall\" style=\"background-image: url(&#039;https:\/\/www.modenadistrict.it\/wp-content\/uploads\/sites\/155\/2025\/04\/BAGNO-SUITE-CORPO-CENTRALE-2.webp&#039;)\">\n\n\t\t\t\n\t\t\t\t\t<\/div>\n\t\t\t\t\t\t\t\t<\/div>\n\t\t\t\t\t\t\t\t\t<\/div>\n\t\t\t\t\t\t\t\t\t\t\t\t\t\t\t<div class=\"elementor-swiper-button elementor-swiper-button-prev\" role=\"button\" tabindex=\"0\" aria-label=\"Previous\">\n\t\t\t\t\t\t\t<svg aria-hidden=\"true\" class=\"e-font-icon-svg e-eicon-chevron-left\" viewBox=\"0 0 1000 1000\" xmlns=\"http:\/\/www.w3.org\/2000\/svg\"><path d=\"M646 125C629 125 613 133 604 142L308 442C296 454 292 471 292 487 292 504 296 521 308 533L604 854C617 867 629 875 646 875 663 875 679 871 692 858 704 846 713 829 713 812 713 796 708 779 692 767L438 487 692 225C700 217 708 204 708 187 708 171 704 154 692 142 675 129 663 125 646 125Z\"><\/path><\/svg>\t\t\t\t\t\t<\/div>\n\t\t\t\t\t\t<div class=\"elementor-swiper-button elementor-swiper-button-next\" role=\"button\" tabindex=\"0\" aria-label=\"Next\">\n\t\t\t\t\t\t\t<svg aria-hidden=\"true\" class=\"e-font-icon-svg e-eicon-chevron-right\" viewBox=\"0 0 1000 1000\" xmlns=\"http:\/\/www.w3.org\/2000\/svg\"><path d=\"M696 533C708 521 713 504 713 487 713 471 708 454 696 446L400 146C388 133 375 125 354 125 338 125 325 129 313 142 300 154 292 171 292 187 292 204 296 221 308 233L563 492 304 771C292 783 288 800 288 817 288 833 296 850 308 863 321 871 338 875 354 875 371 875 388 867 400 854L696 533Z\"><\/path><\/svg>\t\t\t\t\t\t<\/div>\n\t\t\t\t\t\t\t\t\t\t\t\t\t\t\t\t<div class=\"swiper-pagination\"><\/div>\n\t\t\t\t\t\t\t\t\t\t\t\t<\/div>\n\t\t\t\t<\/div>\n\t\t\t\t\t\t\t\t<\/div>\n\t\t\t\t<\/div>\n\t\t\t\t<\/div>\n\t\t\t\t\t<\/div>\n\t\t\t\t<\/div>\n\t\t<div class=\"elementor-element elementor-element-2ee909e e-flex e-con-boxed e-con e-parent\" data-id=\"2ee909e\" data-element_type=\"container\" data-e-type=\"container\">\n\t\t\t\t\t<div class=\"e-con-inner\">\n\t\t<div class=\"elementor-element elementor-element-231664d e-con-full e-flex e-con e-child\" data-id=\"231664d\" data-element_type=\"container\" data-e-type=\"container\">\n\t\t\t\t<div class=\"elementor-element elementor-element-22ffba5 elementor-widget elementor-widget-heading\" data-id=\"22ffba5\" data-element_type=\"widget\" data-e-type=\"widget\" data-widget_type=\"heading.default\">\n\t\t\t\t<div class=\"elementor-widget-container\">\n\t\t\t\t\t<h2 class=\"elementor-heading-title elementor-size-default\">Rooms<\/h2>\t\t\t\t<\/div>\n\t\t\t\t<\/div>\n\t\t\t\t<div class=\"elementor-element elementor-element-5a8de4b elementor-widget elementor-widget-heading\" data-id=\"5a8de4b\" data-element_type=\"widget\" data-e-type=\"widget\" data-widget_type=\"heading.default\">\n\t\t\t\t<div class=\"elementor-widget-container\">\n\t\t\t\t\t<span class=\"elementor-heading-title elementor-size-default\">discover the other types<\/span>\t\t\t\t<\/div>\n\t\t\t\t<\/div>\n\t\t\t\t<div class=\"elementor-element elementor-element-122b84d elementor-widget-divider--view-line elementor-widget elementor-widget-divider\" data-id=\"122b84d\" data-element_type=\"widget\" data-e-type=\"widget\" data-widget_type=\"divider.default\">\n\t\t\t\t<div class=\"elementor-widget-container\">\n\t\t\t\t\t\t\t<div class=\"elementor-divider\">\n\t\t\t<span class=\"elementor-divider-separator\">\n\t\t\t\t\t\t<\/span>\n\t\t<\/div>\n\t\t\t\t\t\t<\/div>\n\t\t\t\t<\/div>\n\t\t\t\t<div class=\"elementor-element elementor-element-cb0da50 elementor-widget elementor-widget-text-editor\" data-id=\"cb0da50\" data-element_type=\"widget\" data-e-type=\"widget\" data-widget_type=\"text-editor.default\">\n\t\t\t\t<div class=\"elementor-widget-container\">\n\t\t\t\t\t\t\t\t\tDifferent types to meet any need during your stay in Modena. <\/br> Choose the type that suits you best and book your next room.\t\t\t\t\t\t\t\t<\/div>\n\t\t\t\t<\/div>\n\t\t\t\t<div class=\"elementor-element elementor-element-e0de627 elementor-align-center elementor-widget elementor-widget-button\" data-id=\"e0de627\" data-element_type=\"widget\" data-e-type=\"widget\" data-widget_type=\"button.default\">\n\t\t\t\t<div class=\"elementor-widget-container\">\n\t\t\t\t\t\t\t\t\t<div class=\"elementor-button-wrapper\">\n\t\t\t\t\t<a class=\"elementor-button elementor-button-link elementor-size-sm elementor-animation-grow\" href=\"https:\/\/www.modenadistrict.it\/en\/rooms\/\">\n\t\t\t\t\t\t<span class=\"elementor-button-content-wrapper\">\n\t\t\t\t\t\t\t\t\t<span class=\"elementor-button-text\">Find out more<\/span>\n\t\t\t\t\t<\/span>\n\t\t\t\t\t<\/a>\n\t\t\t\t<\/div>\n\t\t\t\t\t\t\t\t<\/div>\n\t\t\t\t<\/div>\n\t\t\t\t<\/div>\n\t\t\t\t\t<\/div>\n\t\t\t\t<\/div>\n\t\t\t\t<\/div>\n\t\t","protected":false},"excerpt":{"rendered":"<p>Suite main building 48 square metres of absolute elegance and modernity, divided into a living area with a French sofa bed, 42&#8243; LCD TV, desk and kitchenette (set up on request in advance, at an additional cost). Next is the sleeping area, where we find a queen-size bed, desk and 42&#8243; LCD TV. The elegant [&hellip;]<\/p>\n","protected":false},"author":4,"featured_media":2506,"parent":2739,"menu_order":0,"comment_status":"closed","ping_status":"closed","template":"","meta":{"footnotes":""},"class_list":["post-2759","page","type-page","status-publish","has-post-thumbnail","hentry"],"yoast_head":"<!-- This site is optimized with the Yoast SEO plugin v27.3 - https:\/\/yoast.com\/product\/yoast-seo-wordpress\/ -->\n<title>Flats near Modena - Hotels Modena District<\/title>\n<meta name=\"description\" content=\"Una superficie di 70 mq di assoluta eleganza, modernit\u00e0 e funzionalit\u00e0; ambienti luminosi su due livelli. Scopri di pi\u00f9!\" \/>\n<meta name=\"robots\" content=\"index, follow, max-snippet:-1, max-image-preview:large, max-video-preview:-1\" \/>\n<link rel=\"canonical\" href=\"https:\/\/www.modenadistrict.it\/en\/rooms\/suite\/\" \/>\n<meta property=\"og:locale\" content=\"en_US\" \/>\n<meta property=\"og:type\" content=\"article\" \/>\n<meta property=\"og:title\" content=\"Flats near Modena - Hotels Modena District\" \/>\n<meta property=\"og:description\" content=\"Una superficie di 70 mq di assoluta eleganza, modernit\u00e0 e funzionalit\u00e0; ambienti luminosi su due livelli. Scopri di pi\u00f9!\" \/>\n<meta property=\"og:url\" content=\"https:\/\/www.modenadistrict.it\/en\/rooms\/suite\/\" \/>\n<meta property=\"og:site_name\" content=\"98307 Modena District\" \/>\n<meta property=\"article:modified_time\" content=\"2026-03-03T09:44:34+00:00\" \/>\n<meta property=\"og:image\" content=\"https:\/\/www.modenadistrict.it\/wp-content\/uploads\/sites\/155\/2025\/04\/TRILOCALE1.webp\" \/>\n\t<meta property=\"og:image:width\" content=\"2000\" \/>\n\t<meta property=\"og:image:height\" content=\"1334\" \/>\n\t<meta property=\"og:image:type\" content=\"image\/webp\" \/>\n<meta name=\"twitter:card\" content=\"summary_large_image\" \/>\n<meta name=\"twitter:label1\" content=\"Est. reading time\" \/>\n\t<meta name=\"twitter:data1\" content=\"1 minute\" \/>\n<script type=\"application\/ld+json\" class=\"yoast-schema-graph\">{\"@context\":\"https:\\\/\\\/schema.org\",\"@graph\":[{\"@type\":\"WebPage\",\"@id\":\"https:\\\/\\\/www.modenadistrict.it\\\/en\\\/rooms\\\/suite\\\/\",\"url\":\"https:\\\/\\\/www.modenadistrict.it\\\/en\\\/rooms\\\/suite\\\/\",\"name\":\"Flats near Modena - Hotels Modena District\",\"isPartOf\":{\"@id\":\"https:\\\/\\\/www.modenadistrict.it\\\/en\\\/#website\"},\"primaryImageOfPage\":{\"@id\":\"https:\\\/\\\/www.modenadistrict.it\\\/en\\\/rooms\\\/suite\\\/#primaryimage\"},\"image\":{\"@id\":\"https:\\\/\\\/www.modenadistrict.it\\\/en\\\/rooms\\\/suite\\\/#primaryimage\"},\"thumbnailUrl\":\"https:\\\/\\\/www.modenadistrict.it\\\/wp-content\\\/uploads\\\/sites\\\/155\\\/2025\\\/04\\\/TRILOCALE1.webp\",\"datePublished\":\"2025-04-07T12:19:28+00:00\",\"dateModified\":\"2026-03-03T09:44:34+00:00\",\"description\":\"Una superficie di 70 mq di assoluta eleganza, modernit\u00e0 e funzionalit\u00e0; ambienti luminosi su due livelli. Scopri di pi\u00f9!\",\"breadcrumb\":{\"@id\":\"https:\\\/\\\/www.modenadistrict.it\\\/en\\\/rooms\\\/suite\\\/#breadcrumb\"},\"inLanguage\":\"en-US\",\"potentialAction\":[{\"@type\":\"ReadAction\",\"target\":[\"https:\\\/\\\/www.modenadistrict.it\\\/en\\\/rooms\\\/suite\\\/\"]}]},{\"@type\":\"ImageObject\",\"inLanguage\":\"en-US\",\"@id\":\"https:\\\/\\\/www.modenadistrict.it\\\/en\\\/rooms\\\/suite\\\/#primaryimage\",\"url\":\"https:\\\/\\\/www.modenadistrict.it\\\/wp-content\\\/uploads\\\/sites\\\/155\\\/2025\\\/04\\\/TRILOCALE1.webp\",\"contentUrl\":\"https:\\\/\\\/www.modenadistrict.it\\\/wp-content\\\/uploads\\\/sites\\\/155\\\/2025\\\/04\\\/TRILOCALE1.webp\",\"width\":2000,\"height\":1334,\"caption\":\"Three-room apartment - Hotel Modena District\"},{\"@type\":\"BreadcrumbList\",\"@id\":\"https:\\\/\\\/www.modenadistrict.it\\\/en\\\/rooms\\\/suite\\\/#breadcrumb\",\"itemListElement\":[{\"@type\":\"ListItem\",\"position\":1,\"name\":\"Home\",\"item\":\"https:\\\/\\\/www.modenadistrict.it\\\/en\\\/\"},{\"@type\":\"ListItem\",\"position\":2,\"name\":\"Rooms\",\"item\":\"https:\\\/\\\/www.modenadistrict.it\\\/en\\\/rooms\\\/\"},{\"@type\":\"ListItem\",\"position\":3,\"name\":\"Suite\"}]},{\"@type\":\"WebSite\",\"@id\":\"https:\\\/\\\/www.modenadistrict.it\\\/en\\\/#website\",\"url\":\"https:\\\/\\\/www.modenadistrict.it\\\/en\\\/\",\"name\":\"98307 Modena District\",\"description\":\"\",\"publisher\":{\"@id\":\"https:\\\/\\\/www.modenadistrict.it\\\/en\\\/#organization\"},\"potentialAction\":[{\"@type\":\"SearchAction\",\"target\":{\"@type\":\"EntryPoint\",\"urlTemplate\":\"https:\\\/\\\/www.modenadistrict.it\\\/en\\\/?s={search_term_string}\"},\"query-input\":{\"@type\":\"PropertyValueSpecification\",\"valueRequired\":true,\"valueName\":\"search_term_string\"}}],\"inLanguage\":\"en-US\"},{\"@type\":\"Organization\",\"@id\":\"https:\\\/\\\/www.modenadistrict.it\\\/en\\\/#organization\",\"name\":\"98307 Modena District\",\"url\":\"https:\\\/\\\/www.modenadistrict.it\\\/en\\\/\",\"logo\":{\"@type\":\"ImageObject\",\"inLanguage\":\"en-US\",\"@id\":\"https:\\\/\\\/www.modenadistrict.it\\\/en\\\/#\\\/schema\\\/logo\\\/image\\\/\",\"url\":\"https:\\\/\\\/www.modenadistrict.it\\\/wp-content\\\/uploads\\\/sites\\\/155\\\/2024\\\/07\\\/cropped-BW-core.png\",\"contentUrl\":\"https:\\\/\\\/www.modenadistrict.it\\\/wp-content\\\/uploads\\\/sites\\\/155\\\/2024\\\/07\\\/cropped-BW-core.png\",\"width\":2500,\"height\":774,\"caption\":\"98307 Modena District\"},\"image\":{\"@id\":\"https:\\\/\\\/www.modenadistrict.it\\\/en\\\/#\\\/schema\\\/logo\\\/image\\\/\"}}]}<\/script>\n<!-- \/ Yoast SEO plugin. -->","yoast_head_json":{"title":"Flats near Modena - Hotels Modena District","description":"Una superficie di 70 mq di assoluta eleganza, modernit\u00e0 e funzionalit\u00e0; ambienti luminosi su due livelli. Scopri di pi\u00f9!","robots":{"index":"index","follow":"follow","max-snippet":"max-snippet:-1","max-image-preview":"max-image-preview:large","max-video-preview":"max-video-preview:-1"},"canonical":"https:\/\/www.modenadistrict.it\/en\/rooms\/suite\/","og_locale":"en_US","og_type":"article","og_title":"Flats near Modena - Hotels Modena District","og_description":"Una superficie di 70 mq di assoluta eleganza, modernit\u00e0 e funzionalit\u00e0; ambienti luminosi su due livelli. Scopri di pi\u00f9!","og_url":"https:\/\/www.modenadistrict.it\/en\/rooms\/suite\/","og_site_name":"98307 Modena District","article_modified_time":"2026-03-03T09:44:34+00:00","og_image":[{"width":2000,"height":1334,"url":"https:\/\/www.modenadistrict.it\/wp-content\/uploads\/sites\/155\/2025\/04\/TRILOCALE1.webp","type":"image\/webp"}],"twitter_card":"summary_large_image","twitter_misc":{"Est. reading time":"1 minute"},"schema":{"@context":"https:\/\/schema.org","@graph":[{"@type":"WebPage","@id":"https:\/\/www.modenadistrict.it\/en\/rooms\/suite\/","url":"https:\/\/www.modenadistrict.it\/en\/rooms\/suite\/","name":"Flats near Modena - Hotels Modena District","isPartOf":{"@id":"https:\/\/www.modenadistrict.it\/en\/#website"},"primaryImageOfPage":{"@id":"https:\/\/www.modenadistrict.it\/en\/rooms\/suite\/#primaryimage"},"image":{"@id":"https:\/\/www.modenadistrict.it\/en\/rooms\/suite\/#primaryimage"},"thumbnailUrl":"https:\/\/www.modenadistrict.it\/wp-content\/uploads\/sites\/155\/2025\/04\/TRILOCALE1.webp","datePublished":"2025-04-07T12:19:28+00:00","dateModified":"2026-03-03T09:44:34+00:00","description":"Una superficie di 70 mq di assoluta eleganza, modernit\u00e0 e funzionalit\u00e0; ambienti luminosi su due livelli. Scopri di pi\u00f9!","breadcrumb":{"@id":"https:\/\/www.modenadistrict.it\/en\/rooms\/suite\/#breadcrumb"},"inLanguage":"en-US","potentialAction":[{"@type":"ReadAction","target":["https:\/\/www.modenadistrict.it\/en\/rooms\/suite\/"]}]},{"@type":"ImageObject","inLanguage":"en-US","@id":"https:\/\/www.modenadistrict.it\/en\/rooms\/suite\/#primaryimage","url":"https:\/\/www.modenadistrict.it\/wp-content\/uploads\/sites\/155\/2025\/04\/TRILOCALE1.webp","contentUrl":"https:\/\/www.modenadistrict.it\/wp-content\/uploads\/sites\/155\/2025\/04\/TRILOCALE1.webp","width":2000,"height":1334,"caption":"Three-room apartment - Hotel Modena District"},{"@type":"BreadcrumbList","@id":"https:\/\/www.modenadistrict.it\/en\/rooms\/suite\/#breadcrumb","itemListElement":[{"@type":"ListItem","position":1,"name":"Home","item":"https:\/\/www.modenadistrict.it\/en\/"},{"@type":"ListItem","position":2,"name":"Rooms","item":"https:\/\/www.modenadistrict.it\/en\/rooms\/"},{"@type":"ListItem","position":3,"name":"Suite"}]},{"@type":"WebSite","@id":"https:\/\/www.modenadistrict.it\/en\/#website","url":"https:\/\/www.modenadistrict.it\/en\/","name":"98307 Modena District","description":"","publisher":{"@id":"https:\/\/www.modenadistrict.it\/en\/#organization"},"potentialAction":[{"@type":"SearchAction","target":{"@type":"EntryPoint","urlTemplate":"https:\/\/www.modenadistrict.it\/en\/?s={search_term_string}"},"query-input":{"@type":"PropertyValueSpecification","valueRequired":true,"valueName":"search_term_string"}}],"inLanguage":"en-US"},{"@type":"Organization","@id":"https:\/\/www.modenadistrict.it\/en\/#organization","name":"98307 Modena District","url":"https:\/\/www.modenadistrict.it\/en\/","logo":{"@type":"ImageObject","inLanguage":"en-US","@id":"https:\/\/www.modenadistrict.it\/en\/#\/schema\/logo\/image\/","url":"https:\/\/www.modenadistrict.it\/wp-content\/uploads\/sites\/155\/2024\/07\/cropped-BW-core.png","contentUrl":"https:\/\/www.modenadistrict.it\/wp-content\/uploads\/sites\/155\/2024\/07\/cropped-BW-core.png","width":2500,"height":774,"caption":"98307 Modena District"},"image":{"@id":"https:\/\/www.modenadistrict.it\/en\/#\/schema\/logo\/image\/"}}]}},"_links":{"self":[{"href":"https:\/\/www.modenadistrict.it\/en\/wp-json\/wp\/v2\/pages\/2759","targetHints":{"allow":["GET"]}}],"collection":[{"href":"https:\/\/www.modenadistrict.it\/en\/wp-json\/wp\/v2\/pages"}],"about":[{"href":"https:\/\/www.modenadistrict.it\/en\/wp-json\/wp\/v2\/types\/page"}],"author":[{"embeddable":true,"href":"https:\/\/www.modenadistrict.it\/en\/wp-json\/wp\/v2\/users\/4"}],"replies":[{"embeddable":true,"href":"https:\/\/www.modenadistrict.it\/en\/wp-json\/wp\/v2\/comments?post=2759"}],"version-history":[{"count":3,"href":"https:\/\/www.modenadistrict.it\/en\/wp-json\/wp\/v2\/pages\/2759\/revisions"}],"predecessor-version":[{"id":3443,"href":"https:\/\/www.modenadistrict.it\/en\/wp-json\/wp\/v2\/pages\/2759\/revisions\/3443"}],"up":[{"embeddable":true,"href":"https:\/\/www.modenadistrict.it\/en\/wp-json\/wp\/v2\/pages\/2739"}],"wp:featuredmedia":[{"embeddable":true,"href":"https:\/\/www.modenadistrict.it\/en\/wp-json\/wp\/v2\/media\/2506"}],"wp:attachment":[{"href":"https:\/\/www.modenadistrict.it\/en\/wp-json\/wp\/v2\/media?parent=2759"}],"curies":[{"name":"wp","href":"https:\/\/api.w.org\/{rel}","templated":true}]}}